{"id":13,"date":"2017-10-18T20:11:18","date_gmt":"2017-10-18T18:11:18","guid":{"rendered":"http:\/\/adwokat-rklocek.pl\/?page_id=13"},"modified":"2021-03-24T12:22:32","modified_gmt":"2021-03-24T11:22:32","slug":"o-kancelarii","status":"publish","type":"page","link":"https:\/\/adwokat-rklocek.pl\/index.php\/o-kancelarii\/","title":{"rendered":"O KANCELARII"},"content":{"rendered":"<p><img decoding=\"async\" class=\"aligncenter\" src=\"http:\/\/adwokat-rklocek.pl\/wp-content\/uploads\/2021\/03\/DSC_9034-2-732x1024.jpg\" \/><\/p>\n<p>Serdecznie zapraszam do korzystania z us\u0142ug kancelarii adwokackiej prowadzonej przez adwokata Roberta Klocka.<\/p>\n<p>Adwokat Robert Klocek, od 2000r pracowa\u0142 jako aplikant komorniczy, nast\u0119pnie jako asesor komorniczy. W latach 2006-2017 pracowa\u0142 jako Komornik S\u0105dowy. Kancelaria reprezentuje strony w sporach, post\u0119powaniach, negocjacjach. Pomaga w uzyskiwaniu odszkodowa\u0144 i rozwi\u0105zywaniu problem\u00f3w w r\u00f3\u017cnych dziedzinach prawa. Dodatkowo &#8211; kancelaria specjalizuje si\u0119\u00a0 w post\u0119powaniu egzekucyjnym.<\/p>\n<p>Celem kancelarii jest proponowanie praktycznych rozwi\u0105za\u0144 ukierunkowanych na skuteczno\u015b\u0107. Powierzone kancelarii zagadnienia s\u0105 wnikliwie analizowane, w wyniku czego klient otrzymuje odpowiednie propozycje rozwi\u0105za\u0144. Prowadz\u0105c spraw\u0119 na bie\u017c\u0105co informuj\u0119 o podj\u0119tych czynno\u015bciach i kompleksowo wykonuj\u0119 powierzone zadania.<\/p>\n","protected":false},"excerpt":{"rendered":"<p>Serdecznie zapraszam do korzystania z us\u0142ug kancelarii adwokackiej prowadzonej przez adwokata Roberta Klocka. Adwokat Robert Klocek, od 2000r pracowa\u0142 jako aplikant komorniczy, nast\u0119pnie jako asesor komorniczy. W latach 2006-2017 pracowa\u0142 [&hellip;]<\/p>\n","protected":false},"author":1,"featured_media":0,"parent":0,"menu_order":0,"comment_status":"closed","ping_status":"closed","template":"page-fullwidth.php","meta":{"footnotes":""},"class_list":["post-13","page","type-page","status-publish","hentry"],"_links":{"self":[{"href":"https:\/\/adwokat-rklocek.pl\/index.php\/wp-json\/wp\/v2\/pages\/13","targetHints":{"allow":["GET"]}}],"collection":[{"href":"https:\/\/adwokat-rklocek.pl\/index.php\/wp-json\/wp\/v2\/pages"}],"about":[{"href":"https:\/\/adwokat-rklocek.pl\/index.php\/wp-json\/wp\/v2\/types\/page"}],"author":[{"embeddable":true,"href":"https:\/\/adwokat-rklocek.pl\/index.php\/wp-json\/wp\/v2\/users\/1"}],"replies":[{"embeddable":true,"href":"https:\/\/adwokat-rklocek.pl\/index.php\/wp-json\/wp\/v2\/comments?post=13"}],"version-history":[{"count":14,"href":"https:\/\/adwokat-rklocek.pl\/index.php\/wp-json\/wp\/v2\/pages\/13\/revisions"}],"predecessor-version":[{"id":224,"href":"https:\/\/adwokat-rklocek.pl\/index.php\/wp-json\/wp\/v2\/pages\/13\/revisions\/224"}],"wp:attachment":[{"href":"https:\/\/adwokat-rklocek.pl\/index.php\/wp-json\/wp\/v2\/media?parent=13"}],"curies":[{"name":"wp","href":"https:\/\/api.w.org\/{rel}","templated":true}]}}