{"id":15,"date":"2017-10-18T20:11:42","date_gmt":"2017-10-18T18:11:42","guid":{"rendered":"http:\/\/adwokat-rklocek.pl\/?page_id=15"},"modified":"2021-03-24T12:42:53","modified_gmt":"2021-03-24T11:42:53","slug":"oferta","status":"publish","type":"page","link":"https:\/\/adwokat-rklocek.pl\/index.php\/oferta\/","title":{"rendered":"OFERTA"},"content":{"rendered":"<p><strong>PRAWO RODZINNE<\/strong><\/p>\n<ul>\n<li>sprawy o rozw\u00f3d i separacj\u0119,<\/li>\n<li>sporz\u0105dzanie i opiniowanie maj\u0105tkowych um\u00f3w ma\u0142\u017ce\u0144skich,<\/li>\n<li>podzia\u0142 maj\u0105tku ma\u0142\u017ce\u0144skiego,<\/li>\n<li>sprawy zwi\u0105zane z ustalaniem i zaprzeczeniem ojcostwa i macierzy\u0144stwa,<\/li>\n<li>sprawy o alimenty,<\/li>\n<li>sprawy z zakresu akt\u00f3w stanu cywilnego.<\/li>\n<\/ul>\n<p><strong>PRAWO SPADKOWE<\/strong><\/p>\n<ul>\n<li>zabezpieczenie spadku,<\/li>\n<li>dokonanie spisu inwentarza,<\/li>\n<li>odrzucenie spadku,<\/li>\n<li>og\u0142oszenie testamentu i nakazanie jego z\u0142o\u017cenia,<\/li>\n<li>zarz\u0105du spadku nieobj\u0119tego i wyjawienie przedmiot\u00f3w spadkowych,<\/li>\n<li>sprawy o stwierdzenie nabycia spadku oraz o dzia\u0142 spadku.<\/li>\n<\/ul>\n<p><strong>POST\u0118POWANIE EGZEKUCYJNE<\/strong><\/p>\n<ul>\n<li>Wytaczanie pow\u00f3dztw:\n<ul>\n<li>o zwolnienie przedmiotu od egzekucji<\/li>\n<li>przeciwegzekucyjne &#8211; pozbawienie tytu\u0142u wykonawczego wykonalno\u015bci w sytuacji wyga\u015bni\u0119cia zobowi\u0105zania d\u0142u\u017cnika lub niemo\u017cno\u015bci jego egzekwowania\n<ul>\n<li>Zobowi\u0105zanie mo\u017ce wygasn\u0105\u0107 w przypadku:\n<ul>\n<li>wykonania zobowi\u0105zania przez d\u0142u\u017cnika<\/li>\n<li>potr\u0105cenia<\/li>\n<li>odnowienia<\/li>\n<li>zwolnienia z d\u0142ugu<\/li>\n<li>\u015bwiadczenia w miejsce spe\u0142nienia (datio in solutum)<\/li>\n<li>przelewu powoduj\u0105cego zmian\u0119 wierzyciela (art. 509 k.c.)<\/li>\n<li>przej\u0119cia d\u0142ugu powoduj\u0105cego zmian\u0119 d\u0142u\u017cnika (art. 519 k.c.)<\/li>\n<li>nast\u0119pczej niemo\u017cliwo\u015bci \u015bwiadczenia (art. 475 k.c.).<\/li>\n<\/ul>\n<\/li>\n<li>Niemo\u017cliwo\u015b\u0107 egzekwowania zobowi\u0105zania wynika z:\n<ul>\n<li>przedawnienia roszczenia (np. przedawnienie d\u0142ugu wynikaj\u0105cego z bankowego tytu\u0142u wykonawczego lub \u015bwiadcze\u0144 okresowych wynosi 3 lata)<\/li>\n<li>roz\u0142o\u017cenia \u015bwiadczenia obci\u0105\u017caj\u0105cego d\u0142u\u017cnika na raty<\/li>\n<li>prolongaty terminu spe\u0142nienia \u015bwiadczenia udzielonej d\u0142u\u017cnikowi przez wierzyciela<\/li>\n<\/ul>\n<\/li>\n<\/ul>\n<\/li>\n<\/ul>\n<\/li>\n<\/ul>\n<p>Wytaczanie skarg na czynno\u015bci komornika, np.:<\/p>\n<ul>\n<li>skargi na zaj\u0119cie poszczeg\u00f3lnych przedmiot\u00f3w, m.in.:\n<ul>\n<li>narz\u0119dzi i przedmiot\u00f3w niezb\u0119dnych do osobistej pracy zarobkowej d\u0142u\u017cnika oraz surowc\u00f3w niezb\u0119dnych do produkcji,<\/li>\n<li>w pewnym zakresie zapas\u00f3w \u017cywno\u015bci i opa\u0142u<\/li>\n<\/ul>\n<\/li>\n<li>skarga na opis i oszacowanie nieruchomo\u015bci<\/li>\n<li>Sporz\u0105dzanie wniosk\u00f3w o poszukiwanie maj\u0105tku d\u0142u\u017cnika<\/li>\n<li>Sporz\u0105dzanie wniosk\u00f3w o wszcz\u0119cie egzekucji<\/li>\n<li>Prowadzenie spraw o nadanie klauzuli wykonalno\u015bci, w tym r\u00f3wnie\u017c przeciwko ma\u0142\u017conkowi d\u0142u\u017cnika<\/li>\n<\/ul>\n<p><strong>PRAWO WEKSLOWE<\/strong><\/p>\n<p>Kancelaria \u015bwiadczy us\u0142ugi prawne w zakresie prawa wekslowego, a w szczeg\u00f3lno\u015bci zapewnia:<\/p>\n<ul>\n<li>porady w zakresie prawa wekslowego<\/li>\n<li>badanie prawid\u0142owo\u015bci wype\u0142nienia weksla in blanco<\/li>\n<\/ul>\n<p><strong>PRAWO RESTRUKTURYZACYJNE<\/strong><\/p>\n<p>Kancelaria sporz\u0105dza wnioski restrukturyzacyjne dla:<\/p>\n<ul>\n<li>przedsi\u0119biorc\u00f3w<\/li>\n<li>gospodarstw rolnych<\/li>\n<\/ul>\n","protected":false},"excerpt":{"rendered":"<p>PRAWO RODZINNE sprawy o rozw\u00f3d i separacj\u0119, sporz\u0105dzanie i opiniowanie maj\u0105tkowych um\u00f3w ma\u0142\u017ce\u0144skich, podzia\u0142 maj\u0105tku ma\u0142\u017ce\u0144skiego, sprawy zwi\u0105zane z ustalaniem i zaprzeczeniem ojcostwa i macierzy\u0144stwa, sprawy o alimenty, sprawy z [&hellip;]<\/p>\n","protected":false},"author":1,"featured_media":0,"parent":0,"menu_order":0,"comment_status":"closed","ping_status":"closed","template":"page-fullwidth.php","meta":{"footnotes":""},"class_list":["post-15","page","type-page","status-publish","hentry"],"_links":{"self":[{"href":"https:\/\/adwokat-rklocek.pl\/index.php\/wp-json\/wp\/v2\/pages\/15","targetHints":{"allow":["GET"]}}],"collection":[{"href":"https:\/\/adwokat-rklocek.pl\/index.php\/wp-json\/wp\/v2\/pages"}],"about":[{"href":"https:\/\/adwokat-rklocek.pl\/index.php\/wp-json\/wp\/v2\/types\/page"}],"author":[{"embeddable":true,"href":"https:\/\/adwokat-rklocek.pl\/index.php\/wp-json\/wp\/v2\/users\/1"}],"replies":[{"embeddable":true,"href":"https:\/\/adwokat-rklocek.pl\/index.php\/wp-json\/wp\/v2\/comments?post=15"}],"version-history":[{"count":6,"href":"https:\/\/adwokat-rklocek.pl\/index.php\/wp-json\/wp\/v2\/pages\/15\/revisions"}],"predecessor-version":[{"id":226,"href":"https:\/\/adwokat-rklocek.pl\/index.php\/wp-json\/wp\/v2\/pages\/15\/revisions\/226"}],"wp:attachment":[{"href":"https:\/\/adwokat-rklocek.pl\/index.php\/wp-json\/wp\/v2\/media?parent=15"}],"curies":[{"name":"wp","href":"https:\/\/api.w.org\/{rel}","templated":true}]}}