{"id":21,"date":"2017-10-18T20:13:23","date_gmt":"2017-10-18T18:13:23","guid":{"rendered":"http:\/\/adwokat-rklocek.pl\/?page_id=21"},"modified":"2026-04-13T11:18:10","modified_gmt":"2026-04-13T09:18:10","slug":"home","status":"publish","type":"page","link":"https:\/\/adwokat-rklocek.pl\/","title":{"rendered":"Adwokat Robert Klocek"},"content":{"rendered":"<p>Witam na stronie Adwokata Roberta Klocka<\/p>\n<p>Kancelaria oferuje Pa\u0144stwu nast\u0119puj\u0105ce us\u0142ugi:<\/p>\n<ul>\n<li>udzielanie porad prawnych,<\/li>\n<li>bie\u017c\u0105ce doradztwo prawne, sporz\u0105dzanie opinii prawnych<\/li>\n<li>formu\u0142owanie i opiniowanie projekt\u00f3w um\u00f3w, ug\u00f3d, uchwa\u0142 oraz regulamin\u00f3w<\/li>\n<li>sporz\u0105dzanie pism procesowych<\/li>\n<li>prowadzenie post\u0119powa\u0144 rejestrowych<\/li>\n<li>udzia\u0142 w negocjacjach<\/li>\n<li>wyst\u0119powanie przed s\u0105dami oraz organami administracji publicznej, we wszelkiego rodzaju sprawach<\/li>\n<li>prowadzenie post\u0119powa\u0144 egzekucyjnych.<\/li>\n<\/ul>\n<table style=\"width: 873px; height: 226px;\">\n<tbody>\n<tr style=\"padding-top: 10px;\">\n<td style=\"text-align: center; width: 189px;\">\u00a0<\/td>\n<td style=\"text-align: center; width: 243px;\">\u00a0<\/td>\n<td style=\"text-align: center; width: 247px;\">\u00a0<\/td>\n<td style=\"text-align: center; width: 182px;\">\u00a0<\/td>\n<\/tr>\n<tr>\n<td style=\"text-align: center; width: 189px;\">SPRAWY EGZEKUCYJNE<\/td>\n<td style=\"text-align: center; width: 243px;\">PRAWO RODZINNE<\/td>\n<td style=\"text-align: center; width: 247px;\">PRAWO SPADKOWE<\/td>\n<td style=\"text-align: center; width: 182px;\">PRAWO RESTRUKTURYZACYJNE<\/td>\n<\/tr>\n<tr>\n<td style=\"text-align: justify; font-size: 0.8em; border-right: 1px solid rgba(0, 0, 0, 0.05); padding-left: 10px; padding-right: 10px; width: 189px;\">s\u0105 to g\u0142\u00f3wnie sprawy dotycz\u0105ce przymusowego wykonania orzecze\u0144 i innych akt\u00f3w wydanych w sprawach cywilnych, kt\u00f3re stanowi\u0105 tytu\u0142y egzekucyjne okre\u015blone przez przepisy ksi\u0119gi drugiej k.p.c<\/td>\n<td style=\"text-align: justify; font-size: 0.8em; padding-left: 10px; padding-right: 10px; border-right: 1px solid rgba(0, 0, 0, 0.05); width: 243px;\">zwane przez niekt\u00f3rych prawem familijnym, jest to wyodr\u0119bniona ga\u0142\u0105\u017a prawa, reguluj\u0105ca maj\u0105tkowe i osobiste stosunki powsta\u0142e w wyniku zawarcia ma\u0142\u017ce\u0144stwa, stosunki mi\u0119dzy rodzicami i dzie\u0107mi, a tak\u017ce wynikaj\u0105ce z pokrewie\u0144stwa i powinowactwa.<\/td>\n<td style=\"text-align: justify; font-size: 0.8em; padding-left: 10px; padding-right: 10px; border-right: 1px solid rgba(0, 0, 0, 0.05); width: 247px;\">s\u0105 to przepisy reguluj\u0105ce og\u00f3\u0142 praw i obowi\u0105zk\u00f3w zwi\u0105zanych z dziedziczeniem. Okre\u015blaj\u0105 one, w jaki spos\u00f3b prawa i obowi\u0105zki nale\u017c\u0105ce do spadkodawcy w chwili \u015bmierci przechodz\u0105 na jego nast\u0119pc\u00f3w prawnych, a tak\u017ce prawa i obowi\u0105zki spadkobierc\u00f3w.<\/td>\n<td style=\"text-align: justify; font-size: 0.8em; padding-left: 10px; padding-right: 10px; width: 182px;\">ma na celu zapobie\u017cenie upad\u0142o\u015bci d\u0142u\u017cnika poprzez zawarcie uk\u0142adu z wierzycielami.<\/td>\n<\/tr>\n<\/tbody>\n<\/table>\n<p>\u00a0<\/p>\n\n\n<p><\/p>\n","protected":false},"excerpt":{"rendered":"<p>Witam na stronie Adwokata Roberta Klocka Kancelaria oferuje Pa\u0144stwu nast\u0119puj\u0105ce us\u0142ugi: udzielanie porad prawnych, bie\u017c\u0105ce doradztwo prawne, sporz\u0105dzanie opinii prawnych formu\u0142owanie i opiniowanie projekt\u00f3w um\u00f3w, ug\u00f3d, uchwa\u0142 oraz regulamin\u00f3w sporz\u0105dzanie [&hellip;]<\/p>\n","protected":false},"author":1,"featured_media":34,"parent":0,"menu_order":0,"comment_status":"closed","ping_status":"closed","template":"page-fullwidth.php","meta":{"footnotes":""},"class_list":["post-21","page","type-page","status-publish","has-post-thumbnail","hentry"],"_links":{"self":[{"href":"https:\/\/adwokat-rklocek.pl\/index.php\/wp-json\/wp\/v2\/pages\/21","targetHints":{"allow":["GET"]}}],"collection":[{"href":"https:\/\/adwokat-rklocek.pl\/index.php\/wp-json\/wp\/v2\/pages"}],"about":[{"href":"https:\/\/adwokat-rklocek.pl\/index.php\/wp-json\/wp\/v2\/types\/page"}],"author":[{"embeddable":true,"href":"https:\/\/adwokat-rklocek.pl\/index.php\/wp-json\/wp\/v2\/users\/1"}],"replies":[{"embeddable":true,"href":"https:\/\/adwokat-rklocek.pl\/index.php\/wp-json\/wp\/v2\/comments?post=21"}],"version-history":[{"count":36,"href":"https:\/\/adwokat-rklocek.pl\/index.php\/wp-json\/wp\/v2\/pages\/21\/revisions"}],"predecessor-version":[{"id":228,"href":"https:\/\/adwokat-rklocek.pl\/index.php\/wp-json\/wp\/v2\/pages\/21\/revisions\/228"}],"wp:featuredmedia":[{"embeddable":true,"href":"https:\/\/adwokat-rklocek.pl\/index.php\/wp-json\/wp\/v2\/media\/34"}],"wp:attachment":[{"href":"https:\/\/adwokat-rklocek.pl\/index.php\/wp-json\/wp\/v2\/media?parent=21"}],"curies":[{"name":"wp","href":"https:\/\/api.w.org\/{rel}","templated":true}]}}